{"id":85,"date":"2018-11-10T21:47:11","date_gmt":"2018-11-10T21:47:11","guid":{"rendered":"http:\/\/hochzeitssaengerin.svenjakruse.de\/?page_id=85"},"modified":"2023-04-18T11:09:04","modified_gmt":"2023-04-18T11:09:04","slug":"pakete","status":"publish","type":"page","link":"http:\/\/hochzeitssaengerin.svenjakruse.de\/?page_id=85","title":{"rendered":"Pakete"},"content":{"rendered":"\n<div class=\"wp-block-cover\" style=\"min-height:262px\"><span aria-hidden=\"true\" class=\"wp-block-cover__background has-background-dim\"><\/span><img decoding=\"async\" loading=\"lazy\" width=\"4064\" height=\"2704\" class=\"wp-block-cover__image-background wp-image-22\" alt=\"\" src=\"http:\/\/hochzeitssaengerin.svenjakruse.de\/wp-content\/uploads\/2018\/11\/clotaire-folefack-96496-unsplash.jpg\" data-object-fit=\"cover\" srcset=\"http:\/\/hochzeitssaengerin.svenjakruse.de\/wp-content\/uploads\/2018\/11\/clotaire-folefack-96496-unsplash.jpg 4064w, http:\/\/hochzeitssaengerin.svenjakruse.de\/wp-content\/uploads\/2018\/11\/clotaire-folefack-96496-unsplash-300x200.jpg 300w, http:\/\/hochzeitssaengerin.svenjakruse.de\/wp-content\/uploads\/2018\/11\/clotaire-folefack-96496-unsplash-768x511.jpg 768w, http:\/\/hochzeitssaengerin.svenjakruse.de\/wp-content\/uploads\/2018\/11\/clotaire-folefack-96496-unsplash-1024x681.jpg 1024w\" sizes=\"(max-width: 4064px) 100vw, 4064px\" \/><div class=\"wp-block-cover__inner-container\">\n<p class=\"has-text-align-center has-large-font-size\"><sub>Es ist Ihr Tag!<\/sub><\/p>\n\n\n\n<p class=\"has-text-align-center\"><strong>welches Paket passt zu Ihnen?<\/strong><\/p>\n<\/div><\/div>\n\n\n\n<h4 class=\"wp-block-heading\">Paket XS<br><\/h4>\n\n\n\n<p>1 Solotitel aus der \u201ePlayback Repertoireliste\u201c (auf Anfrage) mit CD Begleitung <strong> 250\u20ac<\/strong><\/p>\n\n\n\n<h4 class=\"wp-block-heading\">Paket klein<\/h4>\n\n\n\n<p>Bis zu 2 Solotitel aus der Repertoireliste mit Klavierbegleitung <strong>350 \u20ac<\/strong>  <br><em>Diese Variante eignet sich gut, wenn noch andere Musiker bei Ihrer Trauung mitwirken die u.a. auch Ein- und Auszug gestalten , zB Chor, Blaskapelle, Instrumentalisten  etc<\/em>. <\/p>\n\n\n\n<p>Wunschtitel arrangieren :+ 50 \u20ac <\/p>\n\n\n\n<h4 class=\"wp-block-heading\">Paket Plus<\/h4>\n\n\n\n<p>Bis zu 2 Solotitel aus der Repertoireliste mit Orgel- oder Piano-Begleitung, sowie Ein- und  Auszug <strong>450 \u20ac<\/strong>                           <br><em>Diese Variante eignet sich z.B.,  wenn Sie einen Gottesdienst ohne Eucharistiefeier haben.   <\/em>                            <\/p>\n\n\n\n<p>Wunschtitel arrangieren:+50 \u20ac,  Begleitung der Gemeindelieder an der Orgel: +30 \u20ac <\/p>\n\n\n\n<h4 class=\"wp-block-heading\">Paket Komplett<\/h4>\n\n\n\n<ul>\n<li>Bis zu 4 Solotitel aus der Repertoireliste  <\/li>\n\n\n\n<li>Ein- und Auszug <\/li>\n\n\n\n<li>Begleitung der Gemeindelieder an Orgel oder Piano<\/li>\n\n\n\n<li>Musikalische Begleitung der Eucharistiefeier  <\/li>\n\n\n\n<li>1 Wunschtitel arrangieren inklusive&nbsp; <strong>600 \u20ac<\/strong>   <\/li>\n<\/ul>\n\n\n\n<h4 class=\"wp-block-heading\">Paket Premium<\/h4>\n\n\n\n<p>Musikalische Gestaltung der Trauung mit kleinem Ensemble  (Violine, Klavier, Gesang) optional Bass und Schlagzeug)<strong>    800-1000\u20ac<\/strong>                                             <\/p>\n\n\n<div class=\"wp-block-image\">\n<figure class=\"alignleft is-resized\"><img decoding=\"async\" loading=\"lazy\" src=\"http:\/\/hochzeitssaengerin.svenjakruse.de\/wp-content\/uploads\/2018\/11\/1964-55-Kopie.jpg\" alt=\"\" class=\"wp-image-89\" width=\"248\" height=\"165\" srcset=\"http:\/\/hochzeitssaengerin.svenjakruse.de\/wp-content\/uploads\/2018\/11\/1964-55-Kopie.jpg 3543w, http:\/\/hochzeitssaengerin.svenjakruse.de\/wp-content\/uploads\/2018\/11\/1964-55-Kopie-300x200.jpg 300w, http:\/\/hochzeitssaengerin.svenjakruse.de\/wp-content\/uploads\/2018\/11\/1964-55-Kopie-768x512.jpg 768w, http:\/\/hochzeitssaengerin.svenjakruse.de\/wp-content\/uploads\/2018\/11\/1964-55-Kopie-1024x683.jpg 1024w\" sizes=\"(max-width: 248px) 100vw, 248px\" \/><\/figure><\/div>\n\n<div class=\"wp-block-image\">\n<figure class=\"alignright\"><img decoding=\"async\" src=\"blob:http:\/\/hochzeitssaengerin.svenjakruse.de\/8f223d66-5e71-4c0c-a46c-be352eaefee7\" alt=\"\"\/><\/figure><\/div>\n\n\n<p class=\"has-text-align-left\"><em>gesonderte Repertoireliste auf Anfrage &nbsp;<\/em><\/p>\n\n\n\n<p><a href=\"http:\/\/www.schlossensemble.de\">http:\/\/www.schlossensemble.de<\/a><\/p>\n\n\n\n<div style=\"height:113px\" aria-hidden=\"true\" class=\"wp-block-spacer\"><\/div>\n\n\n\n<p><\/p>\n\n\n\n<p class=\"has-text-color\" style=\"color:#a36700\">Alle Pakete verstehen sich inkl. pers\u00f6nlicher Beratung, Probenpauschale, Notenmaterial, Anfahrtskosten bis 50km (danach +30ct\/km) , Transport des Equipments, Honorar f\u00fcr Musiker etc.  <br>Es gibt keine versteckten Kosten! <br>Sie haben besondere W\u00fcnsche? M\u00f6chten  Sie vielleicht 2 S\u00e4nger die ein Liebesduett singen oder ein zus\u00e4tzliches Instrument wie Violine oder Fl\u00f6te dabei haben? <br>Oder  ben\u00f6tigen Sie noch zus\u00e4tzliche Live- Musik f\u00fcr Ihren Sektempfang?<\/p>\n\n\n\n<p class=\"has-text-color\" style=\"color:#a36700\">Bitte sprechen Sie mich darauf an und ich stelle Ihnen gern Ihr ganz pers\u00f6nliches Paket f\u00fcr Ihren gro\u00dfen Tag zusammen. <\/p>\n\n\n<p><!--EndFragment--><\/p>\n<p><\/p>","protected":false},"excerpt":{"rendered":"<p>Paket XS 1 Solotitel aus der \u201ePlayback Repertoireliste\u201c (auf Anfrage) mit CD Begleitung 250\u20ac Paket klein Bis zu 2 Solotitel aus der Repertoireliste mit Klavierbegleitung 350 \u20ac Diese Variante eignet<a href=\"http:\/\/hochzeitssaengerin.svenjakruse.de\/?page_id=85\" class=\"more-link\"><span class=\"readmore\">Continue reading<span class=\"screen-reader-text\">Pakete<\/span><\/span><\/a><\/p>\n","protected":false},"author":1,"featured_media":0,"parent":0,"menu_order":0,"comment_status":"closed","ping_status":"closed","template":"","meta":[],"_links":{"self":[{"href":"http:\/\/hochzeitssaengerin.svenjakruse.de\/index.php?rest_route=\/wp\/v2\/pages\/85"}],"collection":[{"href":"http:\/\/hochzeitssaengerin.svenjakruse.de\/index.php?rest_route=\/wp\/v2\/pages"}],"about":[{"href":"http:\/\/hochzeitssaengerin.svenjakruse.de\/index.php?rest_route=\/wp\/v2\/types\/page"}],"author":[{"embeddable":true,"href":"http:\/\/hochzeitssaengerin.svenjakruse.de\/index.php?rest_route=\/wp\/v2\/users\/1"}],"replies":[{"embeddable":true,"href":"http:\/\/hochzeitssaengerin.svenjakruse.de\/index.php?rest_route=%2Fwp%2Fv2%2Fcomments&post=85"}],"version-history":[{"count":19,"href":"http:\/\/hochzeitssaengerin.svenjakruse.de\/index.php?rest_route=\/wp\/v2\/pages\/85\/revisions"}],"predecessor-version":[{"id":214,"href":"http:\/\/hochzeitssaengerin.svenjakruse.de\/index.php?rest_route=\/wp\/v2\/pages\/85\/revisions\/214"}],"wp:attachment":[{"href":"http:\/\/hochzeitssaengerin.svenjakruse.de\/index.php?rest_route=%2Fwp%2Fv2%2Fmedia&parent=85"}],"curies":[{"name":"wp","href":"https:\/\/api.w.org\/{rel}","templated":true}]}}