{"id":2,"date":"2016-05-10T03:48:21","date_gmt":"2016-05-10T03:48:21","guid":{"rendered":"http:\/\/hochzeitssaengerin.svenjakruse.de\/?page_id=2"},"modified":"2023-04-18T10:28:20","modified_gmt":"2023-04-18T10:28:20","slug":"sample-page","status":"publish","type":"page","link":"http:\/\/hochzeitssaengerin.svenjakruse.de\/","title":{"rendered":"Willkommen"},"content":{"rendered":"<p>Sie suchen f\u00fcr Ihre Trauung, Taufe oder andere Festivit\u00e4t eine professionelle S\u00e4ngerin, die auf hohem Niveau mit ihrer Stimme Ihre Feier um ganz besondere und unvergessliche Momente bereichert?<\/p>\n\n\n<div class=\"wp-block-columns are-vertically-aligned-top is-layout-flex wp-container-3\">\n<div class=\"wp-block-column is-vertically-aligned-top is-layout-flow\" style=\"flex-basis:33.33%\">\n<figure class=\"wp-block-image size-large is-resized\"><img decoding=\"async\" loading=\"lazy\" src=\"http:\/\/hochzeitssaengerin.svenjakruse.de\/wp-content\/uploads\/2023\/04\/cropped-20220924_135748-2-scaled-1-754x1024.jpg\" alt=\"\" class=\"wp-image-200\" width=\"329\" height=\"446\" srcset=\"http:\/\/hochzeitssaengerin.svenjakruse.de\/wp-content\/uploads\/2023\/04\/cropped-20220924_135748-2-scaled-1-754x1024.jpg 754w, http:\/\/hochzeitssaengerin.svenjakruse.de\/wp-content\/uploads\/2023\/04\/cropped-20220924_135748-2-scaled-1-221x300.jpg 221w, http:\/\/hochzeitssaengerin.svenjakruse.de\/wp-content\/uploads\/2023\/04\/cropped-20220924_135748-2-scaled-1-768x1043.jpg 768w, http:\/\/hochzeitssaengerin.svenjakruse.de\/wp-content\/uploads\/2023\/04\/cropped-20220924_135748-2-scaled-1-1132x1536.jpg 1132w, http:\/\/hochzeitssaengerin.svenjakruse.de\/wp-content\/uploads\/2023\/04\/cropped-20220924_135748-2-scaled-1-1509x2048.jpg 1509w, http:\/\/hochzeitssaengerin.svenjakruse.de\/wp-content\/uploads\/2023\/04\/cropped-20220924_135748-2-scaled-1.jpg 1743w\" sizes=\"(max-width: 329px) 100vw, 329px\" \/><\/figure>\n<\/div>\n\n\n\n<div class=\"wp-block-column is-vertically-aligned-top is-layout-flow\" style=\"flex-basis:66.66%\">\n<figure class=\"wp-block-image size-large\"><img decoding=\"async\" loading=\"lazy\" width=\"1024\" height=\"683\" src=\"http:\/\/hochzeitssaengerin.svenjakruse.de\/wp-content\/uploads\/2018\/11\/a-o-1074551-unsplash-1024x683.jpg\" alt=\"\" class=\"wp-image-20\" srcset=\"http:\/\/hochzeitssaengerin.svenjakruse.de\/wp-content\/uploads\/2018\/11\/a-o-1074551-unsplash-1024x683.jpg 1024w, http:\/\/hochzeitssaengerin.svenjakruse.de\/wp-content\/uploads\/2018\/11\/a-o-1074551-unsplash-300x200.jpg 300w, http:\/\/hochzeitssaengerin.svenjakruse.de\/wp-content\/uploads\/2018\/11\/a-o-1074551-unsplash-768x512.jpg 768w\" sizes=\"(max-width: 1024px) 100vw, 1024px\" \/><\/figure>\n<\/div>\n<\/div>\n\n\n\n<p>Ich gestalte Ihren besonderen Tag musikalisch ganz nach Ihren individuellen W\u00fcnschen. Als ausgebildete und diplomierte klassische S\u00e4ngerin mit jahrelanger Konzert- und B\u00fchnenerfahrung in Opern- und Musicalproduktionen besitze ich ein breites Repertoire. Es umfasst klassische Kirchen- und Opernarien, sowie Musical, Pop- und Jazzstandards. Gerne arrangiere ich f\u00fcr Sie auch Ihren pers\u00f6nlichen Wunschtitel. <\/p>\n\n\n\n<div class=\"wp-block-media-text is-stacked-on-mobile is-vertically-aligned-center\" style=\"grid-template-columns:44% auto\"><figure class=\"wp-block-media-text__media\"><img decoding=\"async\" loading=\"lazy\" width=\"3456\" height=\"2304\" src=\"http:\/\/hochzeitssaengerin.svenjakruse.de\/wp-content\/uploads\/2018\/11\/band-blur-close-up-265730.jpg\" alt=\"\" class=\"wp-image-19 size-full\" srcset=\"http:\/\/hochzeitssaengerin.svenjakruse.de\/wp-content\/uploads\/2018\/11\/band-blur-close-up-265730.jpg 3456w, http:\/\/hochzeitssaengerin.svenjakruse.de\/wp-content\/uploads\/2018\/11\/band-blur-close-up-265730-300x200.jpg 300w, http:\/\/hochzeitssaengerin.svenjakruse.de\/wp-content\/uploads\/2018\/11\/band-blur-close-up-265730-768x512.jpg 768w, http:\/\/hochzeitssaengerin.svenjakruse.de\/wp-content\/uploads\/2018\/11\/band-blur-close-up-265730-1024x683.jpg 1024w\" sizes=\"(max-width: 3456px) 100vw, 3456px\" \/><\/figure><div class=\"wp-block-media-text__content\">\n<p><\/p>\n\n\n\n<p><\/p>\n\n\n\n<p><\/p>\n\n\n\n<p>Ob Kirche, Standesamt oder freie Trauung: Ich k\u00fcmmere mich darum, dass musikalische G\u00e4nsehaut-Momente  dort m\u00f6glich gemacht werden k\u00f6nnen. <\/p>\n\n\n\n<p>Im Vorfeld \u00fcberlegen wir gemeinsam, was zu Ihnen passt, und welches Begleit-Instrument dabei sein soll: Ob ganz klassisch mit Orgel, gef\u00fchlvoll mit E-Piano, intim mit Gitarre, oder ob noch zus\u00e4tzlich eine Violine erklingen soll: Alles ist m\u00f6glich!<\/p>\n\n\n\n<p><\/p>\n\n\n\n<p><\/p>\n\n\n\n<p><\/p>\n<\/div><\/div>\n\n\n\n<div class=\"wp-block-cover\"><span aria-hidden=\"true\" class=\"wp-block-cover__background has-background-dim\"><\/span><img decoding=\"async\" loading=\"lazy\" width=\"1536\" height=\"2048\" class=\"wp-block-cover__image-background wp-image-60\" alt=\"\" src=\"http:\/\/hochzeitssaengerin.svenjakruse.de\/wp-content\/uploads\/2018\/11\/jordan-mixson-372435-unsplash.jpg\" data-object-fit=\"cover\" srcset=\"http:\/\/hochzeitssaengerin.svenjakruse.de\/wp-content\/uploads\/2018\/11\/jordan-mixson-372435-unsplash.jpg 1536w, http:\/\/hochzeitssaengerin.svenjakruse.de\/wp-content\/uploads\/2018\/11\/jordan-mixson-372435-unsplash-225x300.jpg 225w, http:\/\/hochzeitssaengerin.svenjakruse.de\/wp-content\/uploads\/2018\/11\/jordan-mixson-372435-unsplash-768x1024.jpg 768w\" sizes=\"(max-width: 1536px) 100vw, 1536px\" \/><div class=\"wp-block-cover__inner-container\">\n<p class=\"has-text-align-center has-large-font-size\">Es ist Ihr Tag!<\/p>\n<\/div><\/div>\n","protected":false},"excerpt":{"rendered":"<p>Sie suchen f\u00fcr Ihre Trauung, Taufe oder andere Festivit\u00e4t eine professionelle S\u00e4ngerin, die auf hohem Niveau mit ihrer Stimme Ihre Feier um ganz besondere und unvergessliche Momente bereichert? Ich gestalte<a href=\"http:\/\/hochzeitssaengerin.svenjakruse.de\/\" class=\"more-link\"><span class=\"readmore\">Continue reading<span class=\"screen-reader-text\">Willkommen<\/span><\/span><\/a><\/p>\n","protected":false},"author":1,"featured_media":0,"parent":0,"menu_order":0,"comment_status":"closed","ping_status":"open","template":"","meta":[],"_links":{"self":[{"href":"http:\/\/hochzeitssaengerin.svenjakruse.de\/index.php?rest_route=\/wp\/v2\/pages\/2"}],"collection":[{"href":"http:\/\/hochzeitssaengerin.svenjakruse.de\/index.php?rest_route=\/wp\/v2\/pages"}],"about":[{"href":"http:\/\/hochzeitssaengerin.svenjakruse.de\/index.php?rest_route=\/wp\/v2\/types\/page"}],"author":[{"embeddable":true,"href":"http:\/\/hochzeitssaengerin.svenjakruse.de\/index.php?rest_route=\/wp\/v2\/users\/1"}],"replies":[{"embeddable":true,"href":"http:\/\/hochzeitssaengerin.svenjakruse.de\/index.php?rest_route=%2Fwp%2Fv2%2Fcomments&post=2"}],"version-history":[{"count":7,"href":"http:\/\/hochzeitssaengerin.svenjakruse.de\/index.php?rest_route=\/wp\/v2\/pages\/2\/revisions"}],"predecessor-version":[{"id":208,"href":"http:\/\/hochzeitssaengerin.svenjakruse.de\/index.php?rest_route=\/wp\/v2\/pages\/2\/revisions\/208"}],"wp:attachment":[{"href":"http:\/\/hochzeitssaengerin.svenjakruse.de\/index.php?rest_route=%2Fwp%2Fv2%2Fmedia&parent=2"}],"curies":[{"name":"wp","href":"https:\/\/api.w.org\/{rel}","templated":true}]}}